{"id":1401,"date":"2021-03-19T14:51:44","date_gmt":"2021-03-19T14:51:44","guid":{"rendered":"https:\/\/www.uniongroup.net\/?page_id=1401"},"modified":"2021-03-19T14:51:44","modified_gmt":"2021-03-19T14:51:44","slug":"privacy-policy-2","status":"publish","type":"page","link":"https:\/\/www.uniongroup.net\/?page_id=1401&lang=en","title":{"rendered":"Privacy Policy"},"content":{"rendered":"<h4><span style=\"color: #cc0066;\"><strong>INFORMAZIONI SUL TRATTAMENTO DEI DATI PERSONALI<\/strong><\/span><\/h4>\n<p><span style=\"color: #cc0066;\"><strong>degli utenti che consultano il nostro o i nostri siti web\u00a0<\/strong><strong>ai sensi dell&#8217;articolo 13 del Regolamento (UE) 2016\/679 \u2013 \u201cGDPR\u201d\u00a0<\/strong><\/span><\/p>\n<h4><span style=\"color: #cc0066;\"><strong>PERCH\u00c9 QUESTE INFORMAZIONI<\/strong><\/span><\/h4>\n<p>Ai sensi del Regolamento (UE) 2016\/679 (di seguito &#8220;Regolamento&#8221;), questa pagina descrive le modalit\u00e0 di trattamento dei dati personali degli utenti che consultano il nostro o i nostri siti web accessibili per via telematica ai seguenti indirizzi:<\/p>\n<ul>\n<li>www.uniongroup.net<\/li>\n<\/ul>\n<p>Le presenti informazioni non riguardano altri siti, pagine o servizi online raggiungibili tramite link ipertestuali eventualmente pubblicati nei siti ma riferiti a risorse esterne ai nostri domini.<\/p>\n<h4><span style=\"color: #cc0066;\"><strong>TITOLARE DEL TRATTAMENTO<\/strong><\/span><\/h4>\n<p>A seguito della consultazione dei siti sopra elencati possono essere trattati dati relativi a persone fisiche identificate o identificabili.<\/p>\n<p>Titolare del trattamento \u00e8:<\/p>\n<p><strong>Union srl<\/strong><\/p>\n<p>Via dei trasporti, 23 Carpi, 41012, Modena (IT)<\/p>\n<p>telefono: 059654303<\/p>\n<p>&nbsp;<\/p>\n<h4><span style=\"color: #cc0066;\"><strong>TIPI DI DATI TRATTATI E FINALIT\u00c0 DEL TRATTAMENTO<\/strong><\/span><\/h4>\n<p><em>Dati di navigazione<\/em><\/p>\n<p>I sistemi informatici e le procedure software preposte al funzionamento di questo sito acquisiscono, nel corso del loro normale esercizio, alcuni dati personali la cui trasmissione \u00e8 implicita nell&#8217;uso dei protocolli di comunicazione di Internet.<\/p>\n<p>In questa categoria di dati rientrano gli indirizzi IP o i nomi a dominio dei computer e dei terminali utilizzati dagli utenti, gli indirizzi in notazione URI\/URL (Uniform Resource Identifier\/Locator) delle risorse richieste, l&#8217;orario della richiesta, il metodo utilizzato nel sottoporre la richiesta al server, la dimensione del file ottenuto in risposta, il codice numerico indicante lo stato della risposta data dal server (buon fine, errore, ecc.) ed altri parametri relativi al sistema operativo e all&#8217;ambiente informatico dell&#8217;utente.<\/p>\n<p>Tali dati, necessari per la fruizione dei servizi web, vengono anche trattati allo scopo di:<\/p>\n<ul>\n<li>ottenere informazioni statistiche sull&#8217;uso dei servizi (pagine pi\u00f9 visitate, numero di visitatori per fascia oraria o giornaliera, aree geografiche di provenienza, ecc.);<\/li>\n<li>controllare il corretto funzionamento dei servizi offerti.<\/li>\n<\/ul>\n<p>I dati di navigazione non persistono per pi\u00f9 di sette giorni e vengono cancellati immediatamente dopo la loro aggregazione (salve eventuali necessit\u00e0 di accertamento di reati da parte dell&#8217;Autorit\u00e0 giudiziaria).<\/p>\n<p><span style=\"color: #cc0066;\"><em>Cookie e altri sistemi di tracciamento<\/em><\/span><\/p>\n<p>Non viene fatto uso di cookie per la profilazione degli utenti, n\u00e9 vengono impiegati altri metodi di tracciamento.<\/p>\n<p>Viene invece fatto uso di cookie di sessione (non persistenti) in modo strettamente limitato a quanto necessario per la navigazione sicura ed efficiente dei siti. La memorizzazione dei cookie di sessione nei terminali o nei browser \u00e8 sotto il controllo dell&#8217;utente, laddove sui server, al termine delle sessioni HTTP, informazioni relative ai cookie restano registrate nei log dei servizi, con tempi di conservazione comunque non superiori ai sette giorni al pari degli altri dati di navigazione.<\/p>\n<p>I dati personali indicati in questa pagina sono trattati con strumenti automatizzati in accordo alle disposizioni legislative della normativa sopra richiamata e degli obblighi di riservatezza ivi previsti.<\/p>\n<p>I dati personali raccolti sono altres\u00ec trattati dal nostro personale, che agisce sulla base di specifiche istruzioni fornite in ordine a finalit\u00e0 e modalit\u00e0 del trattamento medesimo.<\/p>\n<p>Specifiche misure di sicurezza sono osservate per prevenire la perdita dei dati, usi illeciti o non corretti ed accessi autorizzati.<\/p>\n<p><span style=\"color: #cc0066;\"><strong>DIRITTI DEGLI INTERESSATI<\/strong><\/span><\/p>\n<p>Gli interessati hanno il diritto di ottenere, nei casi previsti, l&#8217;accesso ai dati personali e la rettifica o la cancellazione degli stessi o la limitazione del trattamento che li riguarda o di opporsi al trattamento (artt. 15 e ss. del Regolamento).<\/p>\n<p>L&#8217;apposita istanza \u00e8 presentata contattando il Titolare del trattamento:<\/p>\n<p><strong>Union srl<\/strong><\/p>\n<p>Via dei trasporti, 23 Carpi, 41012, Modena (IT)<\/p>\n<p>telefono: 059654303<\/p>\n<p><span style=\"color: #cc0066;\"><strong>DIRITTO DI RECLAMO<\/strong><\/span><\/p>\n<p>Gli interessati che ritengono che il trattamento dei dati personali a loro riferiti effettuato attraverso questo sito avvenga in violazione di quanto previsto dal Regolamento hanno il diritto di proporre reclamo presso l\u2019Autorit\u00e0 di controllo, come previsto dall&#8217;art. 77 del Regolamento stesso, o di adire le opportune sedi giudiziarie (art. 79 del Regolamento).<\/p>\n<hr \/>\n<h3><span style=\"color: #cc0066;\">INFORMATIVA SULL\u2019USO DEI COOKIES<\/span><\/h3>\n<p>Il nostro sito web utilizza cookie e tecnologie simili per garantire il corretto funzionamento delle procedure e migliorare l\u2019esperienza di uso delle applicazioni online.<br \/>\nIl presente documento fornisce informazioni dettagliate sull\u2019uso dei cookie e di tecnologie similari, su come sono utilizzati dal nostro sito e su come gestirli.<br \/>\nFacendo uso del nostro sito, si acconsente al nostro utilizzo dei cookie in conformit\u00e0 con la presente Informativa sui Cookie e con la nostra Informativa sul Trattamento dei Dati Personali.<\/p>\n<h4><span style=\"color: #cc0066;\">CHE COSA SONO I COOKIE?<\/span><\/h4>\n<p>I cookie sono piccoli file di testo che i siti visitati dagli utenti inviano ai loro terminali, ove vengono memorizzati per essere poi ritrasmessi agli stessi siti alla visita successiva. I cookie delle c.d. &#8220;terze parti&#8221; vengono, invece, impostati da un sito web diverso da quello che l\u2019utente sta visitando. Questo perch\u00e9 su ogni sito possono essere presenti elementi (immagini, mappe, suoni, specifici link a pagine web di altri domini, ecc.) che risiedono su server diversi da quello del sito visitato.<br \/>\nI cookie sono usati per differenti finalit\u00e0: esecuzione di autenticazioni informatiche, monitoraggio di sessioni, memorizzazione di informazioni su specifiche configurazioni riguardanti gli utenti che accedono al server, memorizzazione delle preferenze, ecc.<\/p>\n<h4><span style=\"color: #cc0066;\">TIPOLOGIE DI COOKIE<\/span><\/h4>\n<p>Cookie \u201ctecnici\u201d<br \/>\nSono i cookie che servono a effettuare la navigazione o a fornire un servizio richiesto dall\u2019utente. Non vengono utilizzati per scopi ulteriori e sono normalmente installati direttamente dal titolare del sito web.<br \/>\nSenza il ricorso a tali cookie, alcune operazioni non potrebbero essere compiute o sarebbero pi\u00f9 complesse e\/o meno sicure, come ad esempio le attivit\u00e0 di home banking (visualizzazione dell\u2019estratto conto, bonifici, pagamento di bollette, ecc.), per le quali i cookie, che consentono di effettuare e mantenere l\u2019identificazione dell\u2019utente nell\u2019ambito della sessione, risultano indispensabili.<br \/>\nI cookie analytics possono essere assimilati ai cookie tecnici soltanto se utilizzati a fini di ottimizzazione del sito direttamente dal titolare del sito stesso, che potr\u00e0 raccogliere informazioni in forma aggregata sul numero degli utenti e su come questi visitano il sito. A queste condizioni, per i cookie analytics valgono le stesse regole, in tema di informativa e consenso, previste per i cookie tecnici.<\/p>\n<p>Cookie &#8220;di profilazione&#8221;<br \/>\nSono i cookie utilizzati per tracciare la navigazione dell\u2019utente in rete e creare profili sui suoi gusti, abitudini, scelte, ecc. Con questi cookie possono essere trasmessi al terminale dell\u2019utente messaggi pubblicitari in linea con le preferenze gi\u00e0 manifestate dallo stesso utente nella navigazione online.<\/p>\n<h4><span style=\"color: #cc0066;\">DURATA DEI COOKIE<\/span><\/h4>\n<p>Alcuni cookie (cookie di sessione) restano attivi solo fino alla chiusura del browser o all\u2019esecuzione del comando di logout. Altri cookie \u201csopravvivono\u201d alla chiusura del browser e sono disponibili anche in successive visite dell\u2019utente. Questi cookie sono detti persistenti e la loro durata \u00e8 fissata dal server al momento della loro creazione. In alcuni casi \u00e8 fissata una scadenza, in altri casi la durata \u00e8 illimitata.<\/p>\n<h4><span style=\"color: #cc0066;\">USO DEI COOCKIE NEL NOSTRO SITO<\/span><\/h4>\n<p>I cookie aiutano il nostro sito a offrire all\u2019utente un\u2019esperienza migliore. I nostri cookie servono per raccogliere informazioni, in forma aggregata e anonima, sul numero degli utenti e su come questi visitano il sito. Il nostro sito utilizza i cookies per migliorare la navigazione, monitorare le sessioni e le performance del sito. Il nostro sito utilizza cookie di terze parti per l\u2019analisi delle statistiche sui visitatori del sito attraverso Google Analytics.<br \/>\nGoogle Analytics \u00e8 uno strumento di analisi di Google che aiuta i proprietari di siti web a capire come i visitatori interagiscono con i contenuti del sito. Google Analytics utilizza un set di cookie per raccogliere informazioni e generare statistiche di utilizzo del sito web senza identificazione personale dei singoli visitatori. Il nostro sito web ha attivato le funzioni pubblicitarie di Google Analytics; le funzioni pubblicitarie implementate sono: i rapporti sui dati demografici e sugli interessi di Google Analytics. L\u2019attivazione di queste funzioni pubblicitarie consente a Google Analytics di raccogliere i dati sul traffico tramite i cookie per la pubblicit\u00e0 di Google e gli identificatori anonimi, oltre ai dati raccolti tramite un\u2019implementazione standard di Google Analytics. Raccogliamo e utilizziamo i dati provenienti dalla pubblicit\u00e0 basata sugli interessi di Google o i dati sul pubblico di terze parti (ad es. et\u00e0, sesso e interessi) di Google Analytics solo a fini statistici e di analisi del pubblico. I dati sono raccolti ed aggregati in forma anonima mediante software proprietari o di terze parti (es. Google Analytics).<br \/>\nSi pu\u00f2 inoltre impedire l\u2019utilizzo dei propri dati da parte di Google Analytics installando il seguente plug-in per il browser: Componente aggiuntivo del browser per la disattivazione di Google Analytics.<br \/>\nFacciamo uso di diversi fornitori di servizi (Google, Facebook, Twitter) che, per fornire i loro servizi, possono inserire cookie sul vostro browser quando visitate il nostro sito. Per ulteriori informazioni sui cookie di terze parti e la modalit\u00e0 di utilizzo delle informazioni raccolte da parte della terza parte, utilizzare i collegamenti riportati di seguito o contattare il relativo soggetto terzo.<\/p>\n<p>Informazioni sui Cookie di terze parti<\/p>\n<table width=\"100%\">\n<tbody>\n<tr>\n<td>Google<\/td>\n<td><a href=\"https:\/\/www.google.com\/policies\/privacy\/\">Informativa di Google<\/a><\/td>\n<\/tr>\n<tr>\n<td>Google (Analytics)<\/td>\n<td><a href=\"https:\/\/www.google.com\/policies\/privacy\/\">Informativa di Google<\/a><\/td>\n<\/tr>\n<\/tbody>\n<\/table>\n<p>Quando si visita per la prima volta il nostro sito, viene visualizzato un banner sullo schermo per informare che il nostro sito utilizza i cookie. Il banner richiede all\u2019utente se desidera ulteriori informazioni e contiene un collegamento per aprire questa pagina. Qualora si decida di ignorare e\/o chiudere la notifica, il nostro sito memorizzer\u00e0 un cookie sul computer e la successiva navigazione del sito sar\u00e0 considerata un consenso all\u2019utilizzo dei cookie utilizzati sul nostro sito. Se si clicca su \u201cOK\u201d, il banner di notifica non verr\u00e0 pi\u00f9 visualizzato sullo schermo alle visite future, ma gli utenti avranno sempre la possibilit\u00e0 di rimuovere i cookie attraverso le impostazioni del browser e seguendo le informazioni sotto riportate.<\/p>\n<h4><span style=\"color: #cc0066;\">GESTIONE DEI COOKIE<\/span><\/h4>\n<p>I browser offrono la possibilit\u00e0 di gestire i cookie in modo da rispettare le preferenze degli utenti. In alcuni browser \u00e8 possibile impostare regole per gestire i cookie sito per sito, opzione che offre un controllo pi\u00f9 preciso sulla privacy. Ci\u00f2 significa che si pu\u00f2 disabilitare i cookie di tutti i siti, ad eccezione di quelli di cui ci si fida. Per limitare o eliminare i cookie si pu\u00f2 intervenire sulle impostazioni del proprio browser. La procedura varia leggermente secondo il tipo di browser utilizzato. Per le istruzioni dettagliate, seguire i seguenti link:<\/p>\n<ul>\n<li><a href=\"https:\/\/support.microsoft.com\/kb\/196955\">Internet Explorer<\/a><\/li>\n<li><a href=\"https:\/\/support.mozilla.org\/it\/kb\/Gestione%20dei%20cookie?redirectlocale=en-US&amp;redirectslug=Cookies\/\">Firefox<\/a><\/li>\n<li><a href=\"https:\/\/support.google.com\/chrome\/answer\/95647?hl=it\">Google Chrome<\/a><\/li>\n<li><a href=\"https:\/\/www.opera.com\/browser\/tutorials\/security\/privacy\/\">Opera<\/a><\/li>\n<li><a href=\"https:\/\/support.apple.com\/kb\/PH17191?viewlocale=it_IT&amp;locale=en_US\">Safari<\/a><\/li>\n<li><a href=\"https:\/\/support.apple.com\/kb\/HT1677?viewlocale=it_IT\">Safari iOS<\/a><\/li>\n<\/ul>\n<p>Se il browser utilizzato non \u00e8 tra quelli proposti, selezionare la funzione \u201cAiuto\u201d sul proprio browser per trovare le informazioni su come procedere.<br \/>\nATTENZIONE: la disabilitazione totale o parziale dei cookie tecnici pu\u00f2 compromettere l\u2019utilizzo delle funzionalit\u00e0 del sito riservate agli utenti registrati. Al contrario, la fruibilit\u00e0 dei contenuti pubblici \u00e8 possibile anche disabilitando completamente i cookie.\u2028La disabilitazione dei cookie \u201cterze parti\u201d non pregiudica in alcun modo la navigabilit\u00e0.\u2028L\u2019impostazione pu\u00f2 essere definita in modo specifico per i diversi siti e applicazioni web. Inoltre i migliori browser consentono di definire impostazioni diverse per i cookie \u201cproprietari\u201d e per quelli di \u201cterze parti\u201d.<\/p>\n<hr \/>\n<p>&nbsp;<\/p>\n","protected":false},"excerpt":{"rendered":"<p>INFORMAZIONI SUL TRATTAMENTO DEI DATI PERSONALI degli utenti che consultano il nostro o i nostri siti web\u00a0ai sensi dell&#8217;articolo 13 del Regolamento (UE) 2016\/679 \u2013 \u201cGDPR\u201d\u00a0 PERCH\u00c9 QUESTE INFORMAZIONI Ai sensi del Regolamento (UE) 2016\/679 (di seguito &#8220;Regolamento&#8221;), questa pagina descrive le modalit\u00e0 di trattamento dei dati personali degli utenti che consultano il nostro o i nostri siti web accessibili per via telematica ai seguenti indirizzi: www.uniongroup.net Le presenti informazioni non riguardano altri siti, pagine o servizi online raggiungibili tramite link ipertestuali eventualmente pubblicati nei siti ma riferiti a risorse esterne ai nostri domini. TITOLARE DEL TRATTAMENTO A seguito della consultazione dei siti sopra elencati possono essere trattati dati relativi a persone fisiche identificate o identificabili. Titolare del trattamento \u00e8: Union srl Via dei trasporti, 23 Carpi, 41012, Modena (IT) telefono: 059654303 &nbsp; TIPI DI DATI TRATTATI E FINALIT\u00c0 DEL TRATTAMENTO Dati di navigazione I sistemi informatici e le procedure&hellip;<\/p>\n<p> <a class=\"more-link\" href=\"https:\/\/www.uniongroup.net\/?page_id=1401&#038;lang=en\">Leggi tutto<\/a><\/p>\n","protected":false},"author":1,"featured_media":0,"parent":0,"menu_order":0,"comment_status":"closed","ping_status":"closed","template":"","meta":{"footnotes":""},"class_list":["post-1401","page","type-page","status-publish"],"_links":{"self":[{"href":"https:\/\/www.uniongroup.net\/index.php?rest_route=\/wp\/v2\/pages\/1401","targetHints":{"allow":["GET"]}}],"collection":[{"href":"https:\/\/www.uniongroup.net\/index.php?rest_route=\/wp\/v2\/pages"}],"about":[{"href":"https:\/\/www.uniongroup.net\/index.php?rest_route=\/wp\/v2\/types\/page"}],"author":[{"embeddable":true,"href":"https:\/\/www.uniongroup.net\/index.php?rest_route=\/wp\/v2\/users\/1"}],"replies":[{"embeddable":true,"href":"https:\/\/www.uniongroup.net\/index.php?rest_route=%2Fwp%2Fv2%2Fcomments&post=1401"}],"version-history":[{"count":0,"href":"https:\/\/www.uniongroup.net\/index.php?rest_route=\/wp\/v2\/pages\/1401\/revisions"}],"wp:attachment":[{"href":"https:\/\/www.uniongroup.net\/index.php?rest_route=%2Fwp%2Fv2%2Fmedia&parent=1401"}],"curies":[{"name":"wp","href":"https:\/\/api.w.org\/{rel}","templated":true}]}}