{"id":2,"date":"2020-10-23T16:30:46","date_gmt":"2020-10-23T16:30:46","guid":{"rendered":"https:\/\/www.uniongroup.net\/?page_id=2"},"modified":"2021-04-09T09:05:39","modified_gmt":"2021-04-09T09:05:39","slug":"sample-page","status":"publish","type":"page","link":"https:\/\/www.uniongroup.net\/?page_id=2","title":{"rendered":"Disclaimer"},"content":{"rendered":"\r\n<p><span style=\"color: #000000;\">I contenuti di questo sito web sono di propriet\u00e0 di UNION. Tutti i diritti riservati.<\/span><br \/><span style=\"color: #000000;\">Essi non possono essere usati, copiati, trasferiti, distribuiti senza il preventivo consenso scritto di UNION<\/span><br \/><span style=\"color: #000000;\">Il logo e marchi UNION sono depositati presso l\u2019UAMI\u00a0 (Ufficio per la registrazione dei marchi, disegni, modelli dell\u2019Unione Europea).<\/span><br \/><span style=\"color: #000000;\">Le informazioni pubblicate in questo sito sono state attentamente controllate, tuttavia UNION non pu\u00f2 essere tenuta responsabile di possibili danni ai visitatori del sito per eventuali errori, o omissioni.<\/span><br \/><span style=\"color: #000000;\">Coloro che fossero interessati ad acquistare prodotti di UNION dovranno chiedere a UNION informazioni specifiche e dettagliate.<\/span><br \/><span style=\"color: #000000;\">Eventuali link ad altri siti non comportano la responsabilit\u00e0 di UNION su alcunch\u00e9 ivi pubblicato.<\/span><br \/><span style=\"color: #000000;\">Per ogni controversia connessa ai contenuti di questo sito \u00e8 competenza del Tribunale di Modena.<\/span><\/p>\r\n","protected":false},"excerpt":{"rendered":"<p>I contenuti di questo sito web sono di propriet\u00e0 di UNION. Tutti i diritti riservati.Essi non possono essere usati, copiati, trasferiti, distribuiti senza il preventivo consenso scritto di UNIONIl logo e marchi UNION sono depositati presso l\u2019UAMI\u00a0 (Ufficio per la registrazione dei marchi, disegni, modelli dell\u2019Unione Europea).Le informazioni pubblicate in questo sito sono state attentamente controllate, tuttavia UNION non pu\u00f2 essere tenuta responsabile di possibili danni ai visitatori del sito per eventuali errori, o omissioni.Coloro che fossero interessati ad acquistare prodotti di UNION dovranno chiedere a UNION informazioni specifiche e dettagliate.Eventuali link ad altri siti non comportano la responsabilit\u00e0 di UNION su alcunch\u00e9 ivi pubblicato.Per ogni controversia connessa ai contenuti di questo sito \u00e8 competenza del Tribunale di Modena.<\/p>\n","protected":false},"author":1,"featured_media":0,"parent":0,"menu_order":0,"comment_status":"closed","ping_status":"closed","template":"","meta":{"footnotes":""},"class_list":["post-2","page","type-page","status-publish"],"_links":{"self":[{"href":"https:\/\/www.uniongroup.net\/index.php?rest_route=\/wp\/v2\/pages\/2","targetHints":{"allow":["GET"]}}],"collection":[{"href":"https:\/\/www.uniongroup.net\/index.php?rest_route=\/wp\/v2\/pages"}],"about":[{"href":"https:\/\/www.uniongroup.net\/index.php?rest_route=\/wp\/v2\/types\/page"}],"author":[{"embeddable":true,"href":"https:\/\/www.uniongroup.net\/index.php?rest_route=\/wp\/v2\/users\/1"}],"replies":[{"embeddable":true,"href":"https:\/\/www.uniongroup.net\/index.php?rest_route=%2Fwp%2Fv2%2Fcomments&post=2"}],"version-history":[{"count":0,"href":"https:\/\/www.uniongroup.net\/index.php?rest_route=\/wp\/v2\/pages\/2\/revisions"}],"wp:attachment":[{"href":"https:\/\/www.uniongroup.net\/index.php?rest_route=%2Fwp%2Fv2%2Fmedia&parent=2"}],"curies":[{"name":"wp","href":"https:\/\/api.w.org\/{rel}","templated":true}]}}