{"id":335,"date":"2020-11-03T17:00:46","date_gmt":"2020-11-03T17:00:46","guid":{"rendered":"https:\/\/www.uniongroup.net\/?page_id=335"},"modified":"2025-07-11T14:13:30","modified_gmt":"2025-07-11T14:13:30","slug":"qualita-3","status":"publish","type":"page","link":"https:\/\/www.uniongroup.net\/?page_id=335","title":{"rendered":"Qualit\u00e0 e Certificazioni"},"content":{"rendered":"<p style=\"text-align: center;\"><span style=\"color: #cc0066;\"><strong>IL SISTEMA DI GESTIONE DI QUALITA`, SICUREZZA E AMBIENTE<\/strong><\/span><\/p>\n<p style=\"text-align: left;\"><span style=\"color: #000000;\">L\u2019organizzazione per la qualit\u00e0 di UNION \u00e8 conforme alla norma EN ISO 9001:2015 ed \u00e8 certificata da Bureau Veritas.<\/span><\/p>\n<p style=\"text-align: center;\"><a href=\"https:\/\/www.uniongroup.net\/wp-content\/uploads\/2025\/07\/Certificate-IT338682-UNION-SRL-ISO9001-VER-ITA.pdf\" class=\"su-button su-button-style-default\" style=\"color:#ffffff;background-color:#cc0066;border-color:#a40052;border-radius:7px\" target=\"_blank\" rel=\"noopener noreferrer\"><span style=\"color:#ffffff;padding:0px 20px;font-size:16px;line-height:32px;border-color:#dc4d94;border-radius:7px;text-shadow:0px 0px 0px #000000\"> Download Certificato ISO 9001<\/span><\/a>\n<p>Per ogni cliente UNION \u00e8 in grado di produrre diversi tipi di documentazione di qualit\u00e0 tra i quali il PPAP, la FMEA, la dichiarazione di rintracciabilit\u00e0 prodotto, la compilazione del IMDS tramite il portale mdsystem.com, e tutto ci\u00f2 che serve per soddisfare i requisiti dei vari settori.<\/p>\n<p><span style=\"color: #000000;\">Dal 2024 siamo conformi alla norma ambientale EN ISO 14001:2015 certificata sempre da Bureau Veritas.<\/span><\/p>\n<p style=\"text-align: center;\"><a href=\"https:\/\/www.uniongroup.net\/wp-content\/uploads\/2025\/07\/Certificate-IT338681-UNION-SRL-ISO14001-VER-ITA.pdf\" class=\"su-button su-button-style-default\" style=\"color:#ffffff;background-color:#cc0066;border-color:#a40052;border-radius:7px\" target=\"_blank\" rel=\"noopener noreferrer\"><span style=\"color:#ffffff;padding:0px 20px;font-size:16px;line-height:32px;border-color:#dc4d94;border-radius:7px;text-shadow:0px 0px 0px #000000\"> Download Certificato ISO 14001<\/span><\/a>\n<p><span style=\"color: #000000;\">Sempre in questa ottica UNION autoproduce una larga quota del proprio fabbisogno di energia elettrica per via <span style=\"color: #3366ff;\"><a style=\"color: #3366ff;\" href=\"https:\/\/www.uniongroup.net\/wp-content\/uploads\/2021\/05\/UNION-POSTER-A4.pdf\">FOTOVOLTAICO<\/a><\/span><\/span><\/p>\n<p><span style=\"color: #000000;\">Il sistema di gestione \u00e8 inoltre esteso alla <\/span><span style=\"color: #000000;\">sicurezza sul lavoro.<\/span><\/p>\n<p style=\"text-align: center;\">\n","protected":false},"excerpt":{"rendered":"<p>IL SISTEMA DI GESTIONE DI QUALITA`, SICUREZZA E AMBIENTE L\u2019organizzazione per la qualit\u00e0 di UNION \u00e8 conforme alla norma EN ISO 9001:2015 ed \u00e8 certificata da Bureau Veritas. Per ogni cliente UNION \u00e8 in grado di produrre diversi tipi di documentazione di qualit\u00e0 tra i quali il PPAP, la FMEA, la dichiarazione di rintracciabilit\u00e0 prodotto, la compilazione del IMDS tramite il portale mdsystem.com, e tutto ci\u00f2 che serve per soddisfare i requisiti dei vari settori. Dal 2024 siamo conformi alla norma ambientale EN ISO 14001:2015 certificata sempre da Bureau Veritas. Sempre in questa ottica UNION autoproduce una larga quota del proprio fabbisogno di energia elettrica per via FOTOVOLTAICO Il sistema di gestione \u00e8 inoltre esteso alla sicurezza sul lavoro.<\/p>\n","protected":false},"author":1,"featured_media":0,"parent":52,"menu_order":2,"comment_status":"closed","ping_status":"closed","template":"","meta":{"footnotes":""},"class_list":["post-335","page","type-page","status-publish"],"_links":{"self":[{"href":"https:\/\/www.uniongroup.net\/index.php?rest_route=\/wp\/v2\/pages\/335","targetHints":{"allow":["GET"]}}],"collection":[{"href":"https:\/\/www.uniongroup.net\/index.php?rest_route=\/wp\/v2\/pages"}],"about":[{"href":"https:\/\/www.uniongroup.net\/index.php?rest_route=\/wp\/v2\/types\/page"}],"author":[{"embeddable":true,"href":"https:\/\/www.uniongroup.net\/index.php?rest_route=\/wp\/v2\/users\/1"}],"replies":[{"embeddable":true,"href":"https:\/\/www.uniongroup.net\/index.php?rest_route=%2Fwp%2Fv2%2Fcomments&post=335"}],"version-history":[{"count":5,"href":"https:\/\/www.uniongroup.net\/index.php?rest_route=\/wp\/v2\/pages\/335\/revisions"}],"predecessor-version":[{"id":2131,"href":"https:\/\/www.uniongroup.net\/index.php?rest_route=\/wp\/v2\/pages\/335\/revisions\/2131"}],"up":[{"embeddable":true,"href":"https:\/\/www.uniongroup.net\/index.php?rest_route=\/wp\/v2\/pages\/52"}],"wp:attachment":[{"href":"https:\/\/www.uniongroup.net\/index.php?rest_route=%2Fwp%2Fv2%2Fmedia&parent=335"}],"curies":[{"name":"wp","href":"https:\/\/api.w.org\/{rel}","templated":true}]}}